{"id":16830,"date":"2026-01-13T11:15:53","date_gmt":"2026-01-13T11:15:53","guid":{"rendered":"https:\/\/pago.nbpsicologia.es\/a\/?post_type=product&#038;p=16830"},"modified":"2026-03-30T11:41:04","modified_gmt":"2026-03-30T11:41:04","slug":"experto-en-psicoterapia-integradora-en-adolescencia-y-juventud-latam","status":"publish","type":"product","link":"https:\/\/pago.nbpsicologia.es\/a\/producto\/experto-en-psicoterapia-integradora-en-adolescencia-y-juventud-latam\/","title":{"rendered":"Experto en Psicoterapia Integradora en Adolescencia y Juventud &#8211; LATAM"},"content":{"rendered":"","protected":false},"excerpt":{"rendered":"<p>Opci\u00f3n de pago \u00edntegro del experto, con la que obtienes una rebaja sobre el precio total.<\/p>\n<p><a href=\"https:\/\/pago.nbpsicologia.es\/a\/producto\/matriculacion-experto-en-psicoterapia-integradora-en-adolescencia-y-juventud\/\"><img decoding=\"async\" class=\"alignnone wp-image-16813\" src=\"https:\/\/pago.nbpsicologia.es\/a\/wp-content\/uploads\/2023\/03\/Logo_UTAMED_horizontal.webp.png\" alt=\"\" width=\"328\" height=\"123\" \/><\/a><\/p>\n<p>Una vez reservada la plaza no se devuelve el dinero, tampoco si se realiza el pago de forma \u00edntegra, salvo anulaci\u00f3n de la formaci\u00f3n por parte de la entidad.<\/p>\n<p><strong>Si deseas obtener el diploma de UTAMED (digital), deber\u00e1s <a href=\"https:\/\/pago.nbpsicologia.es\/a\/producto\/matriculacion-experto-en-psicoterapia-integradora-en-adolescencia-y-juventud\/\">abonar las tasas de expedici\u00f3n aqu\u00ed<\/a><\/strong><\/p>\n<p><strong><a href=\"https:\/\/nbpsicologia.es\/wp-content\/uploads\/2022\/04\/Formulario-Inscripcionacuerdo-2022.pdf\">BOLET\u00cdN DE INSCRIPCI\u00d3N <\/a>&#8211; Una vez cumplimentado debe ser enviado a info@nbpsicologia.es<\/strong><\/p>\n<p>Formaci\u00f3n 100% Online, acceso a clases grabadas en diferido a trav\u00e9s del Aula Permanente del curso. Tendr\u00e1s un a\u00f1o desde el inicio de tu curso para ver todas las clases y finalizar tu titulaci\u00f3n.<\/p>\n<p><b>T\u00edtulo de UTAMED inclu\u00eddo.<\/b><\/p>\n<p>Ver Toda la informaci\u00f3n del T\u00edtulo: <a href=\"https:\/\/www.nbformacion.com\/experto-en-psicoterapia-integradora-en-adolescencia-y-juventud\/\">Experto en Psicoterapia Integradora en Adolescencia y Juventud<\/a><\/p>\n<p>&nbsp;<\/p>\n","protected":false},"featured_media":15353,"template":"","meta":{"_et_pb_use_builder":"","_et_pb_old_content":"","_et_gb_content_width":""},"product_brand":[],"product_cat":[93,85],"product_tag":[],"class_list":{"0":"post-16830","1":"product","2":"type-product","3":"status-publish","4":"has-post-thumbnail","6":"product_cat-experto-en-adolescencia-y-juventud-latam","7":"product_cat-formacion-integra-latam","9":"first","10":"instock","11":"shipping-taxable","12":"purchasable","13":"product-type-simple"},"_links":{"self":[{"href":"https:\/\/pago.nbpsicologia.es\/a\/wp-json\/wp\/v2\/product\/16830","targetHints":{"allow":["GET"]}}],"collection":[{"href":"https:\/\/pago.nbpsicologia.es\/a\/wp-json\/wp\/v2\/product"}],"about":[{"href":"https:\/\/pago.nbpsicologia.es\/a\/wp-json\/wp\/v2\/types\/product"}],"wp:featuredmedia":[{"embeddable":true,"href":"https:\/\/pago.nbpsicologia.es\/a\/wp-json\/wp\/v2\/media\/15353"}],"wp:attachment":[{"href":"https:\/\/pago.nbpsicologia.es\/a\/wp-json\/wp\/v2\/media?parent=16830"}],"wp:term":[{"taxonomy":"product_brand","embeddable":true,"href":"https:\/\/pago.nbpsicologia.es\/a\/wp-json\/wp\/v2\/product_brand?post=16830"},{"taxonomy":"product_cat","embeddable":true,"href":"https:\/\/pago.nbpsicologia.es\/a\/wp-json\/wp\/v2\/product_cat?post=16830"},{"taxonomy":"product_tag","embeddable":true,"href":"https:\/\/pago.nbpsicologia.es\/a\/wp-json\/wp\/v2\/product_tag?post=16830"}],"curies":[{"name":"wp","href":"https:\/\/api.w.org\/{rel}","templated":true}]}}