{"id":16767,"date":"2026-01-12T11:48:55","date_gmt":"2026-01-12T11:48:55","guid":{"rendered":"https:\/\/pago.nbpsicologia.es\/a\/?post_type=product&#038;p=16767"},"modified":"2026-01-28T08:29:11","modified_gmt":"2026-01-28T08:29:11","slug":"experto-en-teoria-del-apego-y-su-aplicacion-practica-en-psicoterapia-a-plazos-2","status":"publish","type":"product","link":"https:\/\/pago.nbpsicologia.es\/a\/producto\/experto-en-teoria-del-apego-y-su-aplicacion-practica-en-psicoterapia-a-plazos-2\/","title":{"rendered":"EXPERTO EN TEOR\u00cdA DEL APEGO Y SU APLICACI\u00d3N PR\u00c1CTICA EN PSICOTERAPIA A PLAZOS"},"content":{"rendered":"<div class=\"container\">\n<div class=\"hero__content hero-content-style1\">\n<p>EXPERTO EN TEOR\u00cdA DEL APEGO Y SU APLICACI\u00d3N PR\u00c1CTICA EN PSICOTERAPIA<\/p>\n<p style=\"font-weight: 400;\">\n<\/div>\n<\/div>\n","protected":false},"excerpt":{"rendered":"<p>Opci\u00f3n de pago a plazos del experto con el que obtienes una rebaja sobre el precio total.<\/p>\n<p>Formaci\u00f3n 100% Online, acceso a clases grabadas en diferido a trav\u00e9s del Aula Permanente del curso. Tendr\u00e1s un a\u00f1o desde el inicio de tu curso para ver todas las clases y finalizar tu titulaci\u00f3n.<\/p>\n<p><strong>TASAS DE DIPLOMATURA UNIVERSITARIA (UTAMED): 200 \u20ac. <\/strong><\/p>\n<p><strong>Si deseas obtener el diploma de UTAMED (digital), deber\u00e1s <a href=\"https:\/\/pago.nbpsicologia.es\/a\/producto\/matriculacion\/\">abonar las tasas de expedici\u00f3n aqu\u00ed<\/a>. Cons\u00faltanos por las tasas universitarias a <a href=\"mailto:secretaria@nbpsicologia.es\">secretaria@nbpsicologia.es<\/a><\/strong><\/p>\n<p><a href=\"https:\/\/pago.nbpsicologia.es\/a\/producto\/matriculacion\/\"><img fetchpriority=\"high\" decoding=\"async\" class=\"alignnone\" src=\"https:\/\/upload.wikimedia.org\/wikipedia\/commons\/7\/7c\/Logo_UTAMED_horizontal.webp\" alt=\"Archivo:Logo UTAMED horizontal.webp - Wikipedia, la ...\" width=\"488\" height=\"183\" \/><\/a><\/p>\n<p><strong>Cons\u00faltanos por las tasas universitarias a <a href=\"mailto:secretaria@nbpsicologia.es\">secretaria@nbpsicologia.es<\/a><\/strong><\/p>\n<p>Ver Toda la informaci\u00f3n del T\u00edtulo: <a href=\"https:\/\/www.nbformacion.com\/experto-en-teoria-del-apego-y-su-aplicacion-practica-en-psicoterapia\/\">Experto en Teor\u00eda del Apego y su Aplicaci\u00f3n Pr\u00e1ctica en Psicoterapia<\/a><\/p>\n<h3><a href=\"https:\/\/pago.nbpsicologia.es\/a\/wp-content\/uploads\/2026\/01\/pago-a-plazos.mp4\" target=\"_blank\" rel=\"noopener\"><strong>Paga a en 3, 6, 12 o 24 plazos (<span style=\"color: #ff9900;\">Ver c\u00f3mo<\/span>)<\/strong><\/a><\/h3>\n<p><strong><a href=\"https:\/\/nbpsicologia.es\/wp-content\/uploads\/2022\/04\/Formulario-Inscripcionacuerdo-2022.pdf\">BOLET\u00cdN DE INSCRIPCI\u00d3N <\/a>&#8211; Una vez cumplimentado debe ser enviado a info@nbpsicologia.es<\/strong><\/p>\n","protected":false},"featured_media":16940,"template":"","meta":{"_et_pb_use_builder":"","_et_pb_old_content":"","_et_gb_content_width":""},"product_brand":[],"product_cat":[83],"product_tag":[],"class_list":{"0":"post-16767","1":"product","2":"type-product","3":"status-publish","4":"has-post-thumbnail","6":"product_cat-formaciones-a-plazos","8":"first","9":"instock","10":"shipping-taxable","11":"purchasable","12":"product-type-simple"},"_links":{"self":[{"href":"https:\/\/pago.nbpsicologia.es\/a\/wp-json\/wp\/v2\/product\/16767","targetHints":{"allow":["GET"]}}],"collection":[{"href":"https:\/\/pago.nbpsicologia.es\/a\/wp-json\/wp\/v2\/product"}],"about":[{"href":"https:\/\/pago.nbpsicologia.es\/a\/wp-json\/wp\/v2\/types\/product"}],"wp:featuredmedia":[{"embeddable":true,"href":"https:\/\/pago.nbpsicologia.es\/a\/wp-json\/wp\/v2\/media\/16940"}],"wp:attachment":[{"href":"https:\/\/pago.nbpsicologia.es\/a\/wp-json\/wp\/v2\/media?parent=16767"}],"wp:term":[{"taxonomy":"product_brand","embeddable":true,"href":"https:\/\/pago.nbpsicologia.es\/a\/wp-json\/wp\/v2\/product_brand?post=16767"},{"taxonomy":"product_cat","embeddable":true,"href":"https:\/\/pago.nbpsicologia.es\/a\/wp-json\/wp\/v2\/product_cat?post=16767"},{"taxonomy":"product_tag","embeddable":true,"href":"https:\/\/pago.nbpsicologia.es\/a\/wp-json\/wp\/v2\/product_tag?post=16767"}],"curies":[{"name":"wp","href":"https:\/\/api.w.org\/{rel}","templated":true}]}}