{"id":11781,"date":"2024-05-31T09:52:52","date_gmt":"2024-05-31T09:52:52","guid":{"rendered":"https:\/\/pago.nbpsicologia.es\/a\/?post_type=product&#038;p=11781"},"modified":"2025-01-21T10:11:00","modified_gmt":"2025-01-21T10:11:00","slug":"sesion-individual-terapia-infantil","status":"publish","type":"product","link":"https:\/\/pago.nbpsicologia.es\/a\/producto\/sesion-individual-terapia-infantil\/","title":{"rendered":"Sesi\u00f3n individual &#8211; Terapia Infantil"},"content":{"rendered":"<p><strong>En recepci\u00f3n revisar\u00e1n el pago contigo.\u00a0<\/strong><\/p>\n<p><strong>PAGO EXCLUSIVO PARA ANTIGUOS PACIENTES:<\/strong> Si has sido paciente de NB Psicolog\u00eda, antes del 19 de enero, podr\u00e1s hacer uso de esta tarifa hasta el 1 de marzo. A partir de dicho momento, se unificar\u00e1n las tarifas con las vigentes.<\/p>\n<p>Una vez realizado el pago la cita queda reservada con nuestro equipo, no pudiendo la cl\u00ednica disponer de esa cita para otro cliente, por lo que no se devuelve el dinero de la reserva de cita.<\/p>\n<ol>\n<li>Sesi\u00f3n individual de terapia psicol\u00f3gica infantil (terapia psicol\u00f3gica para menores de 16 a\u00f1os)<\/li>\n<li>Duraci\u00f3n: 55min<\/li>\n<\/ol>\n","protected":false},"excerpt":{"rendered":"<p><strong>En recepci\u00f3n revisar\u00e1n el pago contigo.<\/strong><\/p>\n<p>Una vez realizado el pago la cita queda reservada con nuestro equipo, no pudiendo la cl\u00ednica disponer de esa cita para otro cliente, por lo que no se devuelve el dinero de la reserva de cita.<\/p>\n<ol>\n<li>Sesi\u00f3n individual de terapia psicol\u00f3gica infantil (terapia psicol\u00f3gica para menores de 16 a\u00f1os)<\/li>\n<li>Duraci\u00f3n: 55min<\/li>\n<li>Anulaci\u00f3n +24h<\/li>\n<\/ol>\n","protected":false},"featured_media":11804,"template":"","meta":{"_et_pb_use_builder":"","_et_pb_old_content":"","_et_gb_content_width":""},"product_brand":[],"product_cat":[16],"product_tag":[],"class_list":{"0":"post-11781","1":"product","2":"type-product","3":"status-publish","4":"has-post-thumbnail","6":"product_cat-sin-categoria","8":"first","9":"instock","10":"virtual","11":"purchasable","12":"product-type-simple"},"_links":{"self":[{"href":"https:\/\/pago.nbpsicologia.es\/a\/wp-json\/wp\/v2\/product\/11781","targetHints":{"allow":["GET"]}}],"collection":[{"href":"https:\/\/pago.nbpsicologia.es\/a\/wp-json\/wp\/v2\/product"}],"about":[{"href":"https:\/\/pago.nbpsicologia.es\/a\/wp-json\/wp\/v2\/types\/product"}],"wp:featuredmedia":[{"embeddable":true,"href":"https:\/\/pago.nbpsicologia.es\/a\/wp-json\/wp\/v2\/media\/11804"}],"wp:attachment":[{"href":"https:\/\/pago.nbpsicologia.es\/a\/wp-json\/wp\/v2\/media?parent=11781"}],"wp:term":[{"taxonomy":"product_brand","embeddable":true,"href":"https:\/\/pago.nbpsicologia.es\/a\/wp-json\/wp\/v2\/product_brand?post=11781"},{"taxonomy":"product_cat","embeddable":true,"href":"https:\/\/pago.nbpsicologia.es\/a\/wp-json\/wp\/v2\/product_cat?post=11781"},{"taxonomy":"product_tag","embeddable":true,"href":"https:\/\/pago.nbpsicologia.es\/a\/wp-json\/wp\/v2\/product_tag?post=11781"}],"curies":[{"name":"wp","href":"https:\/\/api.w.org\/{rel}","templated":true}]}}