{"id":11586,"date":"2024-05-09T12:44:54","date_gmt":"2024-05-09T12:44:54","guid":{"rendered":"https:\/\/pago.nbpsicologia.es\/a\/?post_type=product&#038;p=11586"},"modified":"2025-07-23T09:50:43","modified_gmt":"2025-07-23T09:50:43","slug":"pagos-clinica-universitaria","status":"publish","type":"product","link":"https:\/\/pago.nbpsicologia.es\/a\/producto\/pagos-clinica-universitaria\/","title":{"rendered":"Abonar mis sesiones (Cl\u00ednica Universitaria)"},"content":{"rendered":"","protected":false},"excerpt":{"rendered":"<p style=\"font-weight: 400;\">Con nuestros profesionales en pr\u00e1cticas y psic\u00f3logas supervisoras de Grupo NB Psicolog\u00eda, en nuestras cl\u00ednicas universitarias en Moncloa y Carabanchel, consulta condiciones.<\/p>\n<p><strong>En recepci\u00f3n revisar\u00e1n el pago contigo.<\/strong><\/p>\n<p style=\"font-weight: 400;\">Estas tarifas se aplican para todos los servicios (terapia individual, pareja y familia) Estas tarifas se aplican desde la primera consulta con el profesional y solo de Lunes a Viernes, para fines de semana consultar precios. Disponibilidad sujeta a horarios libres. Se deber\u00e1 anular con una antelaci\u00f3n +24h.<\/p>\n<p style=\"font-weight: 400;\">Una vez realizado el pago la cita queda reservada con nuestro equipo, no pudiendo la cl\u00ednica disponer de esa cita para otro cliente, por lo que no se devuelve el dinero de la reserva de cita.<\/p>\n","protected":false},"featured_media":11813,"template":"","meta":{"_et_pb_use_builder":"","_et_pb_old_content":"","_et_gb_content_width":""},"product_brand":[],"product_cat":[33],"product_tag":[],"class_list":{"0":"post-11586","1":"product","2":"type-product","3":"status-publish","4":"has-post-thumbnail","6":"product_cat-abonar","8":"first","9":"instock","10":"shipping-taxable","11":"purchasable","12":"product-type-simple"},"_links":{"self":[{"href":"https:\/\/pago.nbpsicologia.es\/a\/wp-json\/wp\/v2\/product\/11586","targetHints":{"allow":["GET"]}}],"collection":[{"href":"https:\/\/pago.nbpsicologia.es\/a\/wp-json\/wp\/v2\/product"}],"about":[{"href":"https:\/\/pago.nbpsicologia.es\/a\/wp-json\/wp\/v2\/types\/product"}],"wp:featuredmedia":[{"embeddable":true,"href":"https:\/\/pago.nbpsicologia.es\/a\/wp-json\/wp\/v2\/media\/11813"}],"wp:attachment":[{"href":"https:\/\/pago.nbpsicologia.es\/a\/wp-json\/wp\/v2\/media?parent=11586"}],"wp:term":[{"taxonomy":"product_brand","embeddable":true,"href":"https:\/\/pago.nbpsicologia.es\/a\/wp-json\/wp\/v2\/product_brand?post=11586"},{"taxonomy":"product_cat","embeddable":true,"href":"https:\/\/pago.nbpsicologia.es\/a\/wp-json\/wp\/v2\/product_cat?post=11586"},{"taxonomy":"product_tag","embeddable":true,"href":"https:\/\/pago.nbpsicologia.es\/a\/wp-json\/wp\/v2\/product_tag?post=11586"}],"curies":[{"name":"wp","href":"https:\/\/api.w.org\/{rel}","templated":true}]}}