{"id":10382,"date":"2023-12-05T11:38:05","date_gmt":"2023-12-05T11:38:05","guid":{"rendered":"https:\/\/pago.nbpsicologia.es\/a\/?post_type=product&#038;p=10382"},"modified":"2025-02-24T11:20:54","modified_gmt":"2025-02-24T11:20:54","slug":"descuento-especialista-en-psicoterapia-ita-perinatal","status":"publish","type":"product","link":"https:\/\/pago.nbpsicologia.es\/a\/producto\/descuento-especialista-en-psicoterapia-ita-perinatal\/","title":{"rendered":"Experto en Psicolog\u00eda Perinatal"},"content":{"rendered":"","protected":false},"excerpt":{"rendered":"<p>Producto sujeto a precio exclusivo para pa\u00edses de Latinoam\u00e9rica (se comprobar\u00e1 la procedencia del pago). Con la compra de este T\u00edtulo Oficial, tendr\u00e1s acceso a tu Aula Virtual.<\/p>\n<p>Formaci\u00f3n 100% Online, acceso a clases grabadas en diferido a trav\u00e9s del Aula Permanente del curso. Tendr\u00e1s un a\u00f1o desde el inicio de tu curso para ver todas las clases y finalizar tu titulaci\u00f3n.<\/p>\n<p><strong>Cons\u00faltanos por las tasas universitarias a <a href=\"mailto:secretaria@nbpsicologia.es\">secretaria@nbpsicologia.es<\/a><\/strong><\/p>\n<p><strong>Se acepta pago con PayPal<\/strong><\/p>\n<p>Ver Toda la informaci\u00f3n del T\u00edtulo: <a href=\"https:\/\/www.nbformacion.com\/especialista-en-psicoterapia-integradora-trauma-y-apego-perinatal\/\">Especialista en Psicoterapia Integradora Trauma y Apego Perinatal<\/a><\/p>\n","protected":false},"featured_media":12858,"template":"","meta":{"_et_pb_use_builder":"","_et_pb_old_content":"","_et_gb_content_width":""},"product_brand":[],"product_cat":[64],"product_tag":[],"class_list":{"0":"post-10382","1":"product","2":"type-product","3":"status-publish","4":"has-post-thumbnail","6":"product_cat-latinoamerica","8":"first","9":"instock","10":"sale","11":"shipping-taxable","12":"purchasable","13":"product-type-simple"},"_links":{"self":[{"href":"https:\/\/pago.nbpsicologia.es\/a\/wp-json\/wp\/v2\/product\/10382","targetHints":{"allow":["GET"]}}],"collection":[{"href":"https:\/\/pago.nbpsicologia.es\/a\/wp-json\/wp\/v2\/product"}],"about":[{"href":"https:\/\/pago.nbpsicologia.es\/a\/wp-json\/wp\/v2\/types\/product"}],"wp:featuredmedia":[{"embeddable":true,"href":"https:\/\/pago.nbpsicologia.es\/a\/wp-json\/wp\/v2\/media\/12858"}],"wp:attachment":[{"href":"https:\/\/pago.nbpsicologia.es\/a\/wp-json\/wp\/v2\/media?parent=10382"}],"wp:term":[{"taxonomy":"product_brand","embeddable":true,"href":"https:\/\/pago.nbpsicologia.es\/a\/wp-json\/wp\/v2\/product_brand?post=10382"},{"taxonomy":"product_cat","embeddable":true,"href":"https:\/\/pago.nbpsicologia.es\/a\/wp-json\/wp\/v2\/product_cat?post=10382"},{"taxonomy":"product_tag","embeddable":true,"href":"https:\/\/pago.nbpsicologia.es\/a\/wp-json\/wp\/v2\/product_tag?post=10382"}],"curies":[{"name":"wp","href":"https:\/\/api.w.org\/{rel}","templated":true}]}}